{"id":795,"date":"2018-08-30T12:45:34","date_gmt":"2018-08-30T15:45:34","guid":{"rendered":"https:\/\/ensbelgrano-cba.infd.edu.ar\/sitio\/historia\/"},"modified":"2021-10-25T18:11:42","modified_gmt":"2021-10-25T21:11:42","slug":"historia","status":"publish","type":"page","link":"https:\/\/ensbelgrano-cba.infd.edu.ar\/sitio\/historia\/","title":{"rendered":"Historia"},"content":{"rendered":"<p>La Sra. Luc\u00eda G. Allende de Scandogliero, entendiendo el problema que se planteaba a gran cantidad de j\u00f3venes imposibilitados de continuar sus estudios secundarios en nuestra ciudad por falta de un Establecimiento de Ense\u00f1anza Secundaria, se aboc\u00f3 a la tarea de creaci\u00f3n, dando a conocer sus inquietudes a un grupo de maestras de la Escuela Terminal \u201cPatricias Argentinas\u201d de quienes recibi\u00f3 su colaboraci\u00f3n, encontrando en todas ellas el m\u00e1s franco apoyo a sus iniciativas.<\/p>\n<p>No fue menos entusiasta la decisi\u00f3n de un grupo de se\u00f1oras, quienes, dando prueba de su altruismo, formaron una Comisi\u00f3n Cooperadora, que fue integrada por las siguientes se\u00f1oras:\u00a0 Dominga V. de Arregui, Alcira C. de Lazcano, Alicia G. de Cuputti, Dora Maino de Bengoechea, y otras tantas m\u00e1s que han quedado hoy en la historia.<\/p>\n<p>Esta Comisi\u00f3n trabajando con todo entusiasmo se dio de lleno a la tarea de juntar fondos necesarios para hacer posible la creaci\u00f3n de esta nueva casa de estudios que ven\u00eda a llenar una sentida necesidad en nuestra ciudad, y fue as\u00ed que el 14 de abril de 1945 abri\u00f3 sus puertas el flamante Instituto de Ense\u00f1anza Secundaria, iniciando su primer a\u00f1o con 22 alumnos, siendo su primera Directora la Sra. de Scandogliero.<\/p>\n<p>Podemos resumir tantos a\u00f1os de esfuerzo y dedicaci\u00f3n en el siguiente cuadro:<\/p>\n<table>\n<tbody>\n<tr>\n<td>A\u00d1O<\/td>\n<td>SUCESOS EN LA HISTORIA INSTITUCIONAL<\/td>\n<\/tr>\n<tr>\n<td>1944<\/td>\n<td>Por iniciativa de un grupo de maestras de la Escuela Provincial Patricias Argentinas, se inician las gestiones para la creaci\u00f3n de un Instituto de Ense\u00f1anza Media.<\/td>\n<\/tr>\n<tr>\n<td>1945<\/td>\n<td>El 14 de abril abre sus puertas el Instituto Secundario (Bachillerato) bajo la direcci\u00f3n de la Sra. Luc\u00eda A. de Scandogliero, con veintid\u00f3s alumnos en primer a\u00f1o<\/td>\n<\/tr>\n<tr>\n<td>1948<\/td>\n<td>Los alumnos del Instituto Secundario presentan carrozas que desfilan alrededor de la Plaza General Paz como parte de los festejos por la primavera. Con el tiempo el mencionado\u00a0 desfile, recibe el nombre de \u201cEstudiantina\u201d o \u201cFiesta del Estudiante\u201d y es declarada de inter\u00e9s municipal.<\/td>\n<\/tr>\n<tr>\n<td>1949<\/td>\n<td>El Instituto adopta el nombre de MARIQUITA S\u00c1NCHEZ DE THOMPSON.<\/td>\n<\/tr>\n<tr>\n<td>1959<\/td>\n<td>El 14 de octubre el establecimiento fue oficializado. Surge el COLEGIO NACIONAL Y ANEXO MAGISTERIO por decreto 9500\/59, con ocho cursos en la secci\u00f3n Bachiller y dos cursos en la secci\u00f3n Magisterio. <img decoding=\"async\" loading=\"lazy\" class=\"size-full wp-image-958 alignright\" src=\"https:\/\/ensbelgrano-cba.infd.edu.ar\/sitio\/wp-content\/uploads\/2021\/10\/1.png\" alt=\"\" width=\"96\" height=\"128\" \/><\/td>\n<\/tr>\n<tr>\n<td>\n1960<\/td>\n<td>En marzo se crea el Nivel Primario con el nombre de DEPARTAMENTO DE APLICACI\u00d3N para que los alumnos de Cuarto y Quinto Normal efect\u00faen sus pr\u00e1cticas pedag\u00f3gicas.<\/td>\n<\/tr>\n<tr>\n<td>1966<\/td>\n<td>Se crea el Jard\u00edn de Infantes del COLEGIO NACIONAL Y ANEXO MAGISTERIO.<\/td>\n<\/tr>\n<tr>\n<td>1971<\/td>\n<td>Comienza a funcionar el Nivel Superior con el PROFESORADO PARA LA ENSE\u00d1ANZA PRIMARIA, con el fin de satisfacer la necesidad de la formaci\u00f3n docente de maestras de Nivel Primario.<\/td>\n<\/tr>\n<tr>\n<td>1974<\/td>\n<td>Gracias a la iniciativa de la Comisi\u00f3n Pro-Edificio, de padres y comunidad, se da lugar <img decoding=\"async\" loading=\"lazy\" class=\"size-full wp-image-959 alignright\" src=\"https:\/\/ensbelgrano-cba.infd.edu.ar\/sitio\/wp-content\/uploads\/2021\/10\/2.png\" alt=\"\" width=\"247\" height=\"118\" \/><\/p>\n<p>en el mes de marzo la inauguraci\u00f3n del edificio, ubicado en calle Santiago del Estero 529.<\/td>\n<\/tr>\n<tr>\n<td>1982<\/td>\n<td>En el mes de junio, el Colegio Nacional pasa a denominarse <b><i>ESCUELA NACIONAL NORMAL SUPERIOR \u201cGENERAL MANUEL BELGRANO\u201d<\/i><\/b>.<\/td>\n<\/tr>\n<tr>\n<td>1984<\/td>\n<td>Surge como proyecto de Lengua la Representaci\u00f3n de Obras Teatrales.<\/td>\n<\/tr>\n<tr>\n<td>1986<\/td>\n<td>Se crea el PROFESORADO DE EDUCACI\u00d3N PREESCOLAR, cuya duraci\u00f3n es de dos a\u00f1os y un cuatrimestre.<\/td>\n<\/tr>\n<tr>\n<td>1990<\/td>\n<td>La representaci\u00f3n de obras teatrales se proyecta a la comunidad caracterizada bajo el legado de EXPO-ARTE logrando la participaci\u00f3n masiva de estudiantes de la ciudad y la zona.<\/td>\n<\/tr>\n<tr>\n<td>1991<\/td>\n<td>En el marco del Programa Federal de Educaci\u00f3n B\u00e1sica y Alfabetizaci\u00f3n, comienza a funcionar el SEMINARIO DE EDUCACI\u00d3N DE ADULTOS. Se cierra en el a\u00f1o 1991.<\/td>\n<\/tr>\n<tr>\n<td>1992<\/td>\n<td>Abre sus puertas el PROFESORADO PARA LA ENSE\u00d1ANZA PRIMARIA DE INGL\u00c9S cubriendo las necesidades del momento. Se cierra en 1999.<\/td>\n<\/tr>\n<tr>\n<td>1995<\/td>\n<td>El Estado realiza la transferencia de escuelas nacionales a la Provincia. El establecimiento comienza a depender\u00a0 de la Provincia de C\u00f3rdoba, recibiendo el nombre de <b><i>ESCUELA NORMAL SUPERIOR \u201cGENERAL MANUEL BELGRANO\u201d<\/i><\/b>.<\/td>\n<\/tr>\n<tr>\n<td>1996<\/td>\n<td>Como parte de la Reforma Educativa se implementa el CICLO B\u00c1SICO UNIFICADO (CBU).<\/td>\n<\/tr>\n<tr>\n<td>1997<\/td>\n<td>Se implementa el CICLO DE ESPECIALIZACI\u00d3N (CE) con orientaci\u00f3n en HUMANIDADES y dos sub-orientaciones: ARTES y CIENCIAS SOCIALES.<\/p>\n<p>En el marco de un concurso institucional, se selecciona el logo que nos identificar\u00e1 institucionalmente. Las autoras fueron Ana Paula Ranieri, Mar\u00eda Laura Ranieri y Candela Romero, estudiantes de 2\u00b0 a\u00f1o.<\/td>\n<\/tr>\n<tr>\n<td>1998<\/td>\n<td>Se inaugura el Segundo\u00a0 piso del edificio a trav\u00e9s del Pacto Federal.<\/td>\n<\/tr>\n<tr>\n<td>\n2001<\/td>\n<td>A partir de la Reforma Educativa impuesta por el Estado, se realiza la transformaci\u00f3n educativa de los Profesorados de nuestra jurisdicci\u00f3n. Esta transformaci\u00f3n asigna nuevas denominaciones a las carreras de formaci\u00f3n docente y en los a\u00f1os de cursado de las mismas. Los Profesorados comienzan a llamarse: PROFESORADO PARA E.G.B. 1 y E.G.B. 2 y PROFESORADO DE EDUCACI\u00d3N INICIAL ambos de 3 a\u00f1os.<\/td>\n<\/tr>\n<tr>\n<td>2008<\/td>\n<td>Apertura del PROFESORADO EN MATEM\u00c1TICA PARA E.G.B. 3 Y POLIMODAL.<\/td>\n<\/tr>\n<tr>\n<td>\n2009<\/td>\n<td>En la \u00faltima reforma seg\u00fan lo establecido por la Ley de Educaci\u00f3n Nacional 26206\/06 y a partir de la transformaci\u00f3n curricular de la Formaci\u00f3n Inicial, los profesorados vuelven a registrar un cambio en sus denominaciones y en los a\u00f1os de cursado. Actualmente sus nombres son: PROFESORADO DE EDUCACI\u00d3N PRIMARIA y PROFESORADO DE EDUCACI\u00d3N INICIAL, con una duraci\u00f3n de cuatro a\u00f1os<\/td>\n<\/tr>\n<tr>\n<td>\n<p>2010<\/td>\n<td>Se comienza a reflexionar y a trabajar en el cambio de la transformaci\u00f3n curricular del Nivel Inicial, poniendo de manifiesto las consultas hacia maestros y supervisores capacitados pertinentemente en la aplicaci\u00f3n de los nuevos dise\u00f1os curriculares de la Provincia, del Nivel Inicial para las salas de 3, 4 y 5 a\u00f1os.<\/p>\n<p>El Nivel Secundario pone en marcha el proceso de consultas en los nuevos Dise\u00f1os Curriculares para el CICLO B\u00c1SICO (CB). Se implementa el cambio del PLAN DE ESTUDIOS para todo el Ciclo B\u00e1sico.<\/p>\n<p>En el plano directivo, la Direcci\u00f3n General de Ense\u00f1anza Superior cubre el cargo de VICEDIRECTOR DE NIVEL SUPERIOR.<\/p>\n<p>En el Plano Jer\u00e1rquico, la Direcci\u00f3n General de Educaci\u00f3n Superior crea el cargo de SUB-REGENTE DE NIVEL PRIMARIO.<\/td>\n<\/tr>\n<tr>\n<td>\n<p>2011<\/td>\n<td>Se comienza a trabajar arduamente en los nuevos Dise\u00f1os Curriculares del NIVEL PRIMARIO.<\/p>\n<p>En el NIVEL SUPERIOR se pone de manifiesto la nueva transformaci\u00f3n curricular y el nuevo Plan de Estudios para el PROFESORADO DE EDUCACI\u00d3N SECUNDARIA EN MATEM\u00c1TICA.<\/p>\n<p>Con el Programa Nacional CONECTAR IGUALDAD se coloca el PISO TECNOL\u00d3GICO brindando conectividad a toda la escuela.<\/p>\n<p>En el Plano Directivo, la Direcci\u00f3n General de Educaci\u00f3n Media,\u00a0 crea el Cargo de VICEDIRECTOR DE ENSE\u00d1ANZA SECUNDARIA.<\/td>\n<\/tr>\n<tr>\n<td>\n<p>2013<\/td>\n<td>Luego de un importante trabajo del Nivel Superior, se construye el RAI (<i>Reglamento Acad\u00e9mico Institucional) <\/i>en forma conjunta entre docentes, estudiantes, personal administrativo, ayudantes t\u00e9cnicos, consejo institucional y directivos. Dicho R\u00e9gimen Acad\u00e9mico Institucional se enmarca en el r\u00e9gimen acad\u00e9mico marcos (RAM), Res. N\u00b0412, componente sustantivo para la regulaci\u00f3n del sistema formador.\u00a0 Con fecha 03\/04\/2013, recibimos el <i>Informe T\u00e9cnico<\/i>, firmado por el Prof. y Lic. Ariel Zecchini \u2013 Supervisor DGES- indicando dar por aprobado y autorizando la implementaci\u00f3n total de la propuesta.<\/td>\n<\/tr>\n<tr>\n<td>\n2015<\/td>\n<td>Como parte de la Res. Ministerial 149 y tras un trabajo colaborativo entre todos los claustros del nivel secundario, se logr\u00f3 la Res. N\u00b0 244\/15 que regula los acuerdos escolares de convivencia en el Nivel Secundario.<\/p>\n<p>Posteriormente, dicho acuerdo se revisa, abarcando a todos los niveles obligatorios de la instituci\u00f3n.<\/td>\n<\/tr>\n<tr>\n<td>\n2019<\/td>\n<td>Como parte del plan AURORA, y en forma conjunta con la Municipalidad de Marcos Ju\u00e1rez, se concreta la construcci\u00f3n y habilitaci\u00f3n de la sala de 3 a\u00f1os en el Nivel Inicial, con dos turnos: ma\u00f1ana y tarde.<\/td>\n<\/tr>\n<tr>\n<td>2021<\/td>\n<td>Tras mucho tiempo de gestionarlo, la instituci\u00f3n logra la definici\u00f3n y cobertura del cargo de REGENTE NIVEL INICIAL.<\/td>\n<\/tr>\n<\/tbody>\n<\/table>\n","protected":false},"excerpt":{"rendered":"<p>La Sra. Luc\u00eda G. Allende de Scandogliero, entendiendo el problema que se planteaba a gran cantidad de j\u00f3venes imposibilitados de continuar sus estudios secundarios en nuestra ciudad por falta de un Establecimiento de Ense\u00f1anza Secundaria, se aboc\u00f3 a la tarea de creaci\u00f3n, dando a conocer sus inquietudes a un grupo de maestras de la Escuela &#8230; <a title=\"Historia\" class=\"read-more\" href=\"https:\/\/ensbelgrano-cba.infd.edu.ar\/sitio\/historia\/\" aria-label=\"More on Historia\">[+]<\/a><\/p>\n","protected":false},"author":7,"featured_media":0,"parent":0,"menu_order":0,"comment_status":"closed","ping_status":"closed","template":"","meta":[],"acf":[],"_links":{"self":[{"href":"https:\/\/ensbelgrano-cba.infd.edu.ar\/sitio\/wp-json\/wp\/v2\/pages\/795"}],"collection":[{"href":"https:\/\/ensbelgrano-cba.infd.edu.ar\/sitio\/wp-json\/wp\/v2\/pages"}],"about":[{"href":"https:\/\/ensbelgrano-cba.infd.edu.ar\/sitio\/wp-json\/wp\/v2\/types\/page"}],"author":[{"embeddable":true,"href":"https:\/\/ensbelgrano-cba.infd.edu.ar\/sitio\/wp-json\/wp\/v2\/users\/7"}],"replies":[{"embeddable":true,"href":"https:\/\/ensbelgrano-cba.infd.edu.ar\/sitio\/wp-json\/wp\/v2\/comments?post=795"}],"version-history":[{"count":4,"href":"https:\/\/ensbelgrano-cba.infd.edu.ar\/sitio\/wp-json\/wp\/v2\/pages\/795\/revisions"}],"predecessor-version":[{"id":961,"href":"https:\/\/ensbelgrano-cba.infd.edu.ar\/sitio\/wp-json\/wp\/v2\/pages\/795\/revisions\/961"}],"wp:attachment":[{"href":"https:\/\/ensbelgrano-cba.infd.edu.ar\/sitio\/wp-json\/wp\/v2\/media?parent=795"}],"curies":[{"name":"wp","href":"https:\/\/api.w.org\/{rel}","templated":true}]}}