{"id":790,"date":"2018-08-30T12:45:33","date_gmt":"2018-08-30T15:45:33","guid":{"rendered":"https:\/\/ensbelgrano-cba.infd.edu.ar\/sitio\/docentes\/"},"modified":"2026-02-02T13:13:38","modified_gmt":"2026-02-02T16:13:38","slug":"docentes","status":"publish","type":"page","link":"https:\/\/ensbelgrano-cba.infd.edu.ar\/sitio\/docentes\/","title":{"rendered":"Planta Funcional"},"content":{"rendered":"<h4>Nivel Inicial<\/h4>\n<p><strong>REGENTE:<\/strong> Adriana Marchisio<\/p>\n<p><strong>Administrativo no docente<\/strong>: Claudia Salcedo<\/p>\n<p><strong>Docentes:<\/strong> Daniela Biccir\u00e9 &#8211; Giuliana Mattio &#8211; Mar\u00eda Laura Becchio &#8211; Maria Eugenia Massietti<\/p>\n<h4>NIVEL PRIMARIO<\/h4>\n<p><strong>REGENTE:\u00a0<\/strong>Marina Panella<\/p>\n<p><strong>Sub regente:<\/strong> Mar\u00eda Eugenia Biagiotti<\/p>\n<p><span style=\"font-size: 12pt;\"><strong>Maestras de Grado<\/strong>: Miriam Pereyra, Mar\u00eda Laura Laffatigue, Marina Panella, Susana Yercovich, Mar\u00eda Eugenia Biagiotti, Yanina Oggier, Cintia Quiroga &#8211; Lorena Elizalde &#8211;<\/span><\/p>\n<p><span style=\"font-size: 12pt;\"><strong>Maestros de Ramos Especiales: <\/strong>\u00a0Mar\u00eda Jos\u00e9 Esp\u00edndola, Silvia Massetti, Mar\u00eda Susana Trombotto, Mar\u00eda Laura Lattanzi, Mauro Pagliaroli.<br \/><\/span><\/p>\n<h4>NIVEL SECUNDARIO<\/h4>\n<p><strong>Vice<\/strong> <strong>directora<\/strong>: Sonia G\u00f3mez<\/p>\n<p><strong>Coordinadora de Cursos<\/strong>: Mar\u00eda Virginia Quevedo<\/p>\n<p><strong>Psicopedagoga<\/strong>: Lorena Albri<\/p>\n<p><strong>Ayudante T\u00e9cnico:<\/strong> Inara Letcher, Sof\u00eda Romanini<\/p>\n<p><strong>Administrativos no docentes<\/strong>: Andrea Gainsborg &#8211;\u00a0<\/p>\n<p><strong>Preceptoras<\/strong>: Marcela Bianco &#8211; Marcela Solo &#8211; Patricia Brugnaro &#8211; Gabriela Corti &#8211; Anal\u00eda Busano &#8211; Mar\u00eda Laura Becchio<\/p>\n<p><strong>Docentes<\/strong>:\u00a0 Andr\u00e9s Sosa Ortiz, Mar\u00eda Bel\u00e9n Cerutti, Ver\u00f3nica Corletta, Natalia Cornaglia, Andrea Cuffia, Pablo Daga, Patricia Basconi, Antonio Esp\u00edndola,\u00a0 Fabiana Giacinti, Diana\u00a0 Girardi, Juan Manuel Kisluk, Marta Lozada, Candela Romero, Mar\u00eda Rosales, Edil Ruiz, Marina Saldari, Mauricio Serassio, Luciana Serra, Gisela Trapolini, Claudia Tuli\u00e1n, Bel\u00e9n Mor\u00f3n, Carolina Mansilla, Daiana Ravassi, Daniela Cuquejo, Franca Licata, Germ\u00e1n Ciriaci, Juli\u00e1n Funes, Laura Galetto, Marcos Quinteros, Mariana Rozo, Melina P\u00e9rez, Paula Ramazzotti, Pamela Vilche, Romina Pastura,Valeria Peppino, Valeria Borghino Vanesa Falistocco, Wenceslaro Re, Cecilia Acosta<\/p>\n<p><strong>Bibliotecaria:<\/strong> Eliana Giovaninni<\/p>\n<h4>NIVEL SUPERIOR<\/h4>\n<p><strong>REGENTE<\/strong>: Ana Mar\u00eda Wenk<\/p>\n<p><strong>Ayudante t\u00e9cnico:<\/strong> Virginia Romanini<\/p>\n<p><strong>Preceptoras<\/strong>: Ver\u00f3nica Rossetti<\/p>\n<p><strong>Docentes:\u00a0<\/strong>Cecilia Acosta &#8211; Liliana \u00c1lvarez &#8211; Luciana Ballerini\u00a0 &#8211; Fernanda Biga &#8211; Ma. Raquel De \u00c1ngelis &#8211; Patricia Ere\u00f1\u00fa &#8211; Antonella Franceschi &#8211; Susana Gagliesi &#8211; Ariadna Garc\u00eda &#8211; Ma. Elisa Gassmann &#8211; Fabiana Giacinti. D. Cecilia Girardi &#8211; Lorena Godino &#8211; Marisel Musso &#8211; Natalia R\u00e9 &#8211; J\u00e9sica Sgrazzutti &#8211; Marcela Solo &#8211; Andr\u00e9s Sosa Ortiz &#8211; Ver\u00f3nica Vijande &#8211; Ana M. Wenk &#8211; Celeste Zacchio &#8211; Mariana Zacchia, Carla Scrofono, Celia Fraga, Clara Brunori, Daniela Cuquejo, Fernanda Astrada, Lucia Otero,\u00a0<\/p>\n<p>\u00a0<\/p>\n\n\n<p><\/p>\n","protected":false},"excerpt":{"rendered":"<p>Nivel Inicial REGENTE: Adriana Marchisio Administrativo no docente: Claudia Salcedo Docentes: Daniela Biccir\u00e9 &#8211; Giuliana Mattio &#8211; Mar\u00eda Laura Becchio &#8211; Maria Eugenia Massietti NIVEL PRIMARIO REGENTE:\u00a0Marina Panella Sub regente: Mar\u00eda Eugenia Biagiotti Maestras de Grado: Miriam Pereyra, Mar\u00eda Laura Laffatigue, Marina Panella, Susana Yercovich, Mar\u00eda Eugenia Biagiotti, Yanina Oggier, Cintia Quiroga &#8211; Lorena Elizalde &#8230; <a title=\"Planta Funcional\" class=\"read-more\" href=\"https:\/\/ensbelgrano-cba.infd.edu.ar\/sitio\/docentes\/\" aria-label=\"More on Planta Funcional\">[+]<\/a><\/p>\n","protected":false},"author":7,"featured_media":0,"parent":0,"menu_order":0,"comment_status":"closed","ping_status":"closed","template":"","meta":[],"acf":[],"_links":{"self":[{"href":"https:\/\/ensbelgrano-cba.infd.edu.ar\/sitio\/wp-json\/wp\/v2\/pages\/790"}],"collection":[{"href":"https:\/\/ensbelgrano-cba.infd.edu.ar\/sitio\/wp-json\/wp\/v2\/pages"}],"about":[{"href":"https:\/\/ensbelgrano-cba.infd.edu.ar\/sitio\/wp-json\/wp\/v2\/types\/page"}],"author":[{"embeddable":true,"href":"https:\/\/ensbelgrano-cba.infd.edu.ar\/sitio\/wp-json\/wp\/v2\/users\/7"}],"replies":[{"embeddable":true,"href":"https:\/\/ensbelgrano-cba.infd.edu.ar\/sitio\/wp-json\/wp\/v2\/comments?post=790"}],"version-history":[{"count":24,"href":"https:\/\/ensbelgrano-cba.infd.edu.ar\/sitio\/wp-json\/wp\/v2\/pages\/790\/revisions"}],"predecessor-version":[{"id":1300,"href":"https:\/\/ensbelgrano-cba.infd.edu.ar\/sitio\/wp-json\/wp\/v2\/pages\/790\/revisions\/1300"}],"wp:attachment":[{"href":"https:\/\/ensbelgrano-cba.infd.edu.ar\/sitio\/wp-json\/wp\/v2\/media?parent=790"}],"curies":[{"name":"wp","href":"https:\/\/api.w.org\/{rel}","templated":true}]}}